{"id":57,"date":"2020-04-04T12:34:52","date_gmt":"2020-04-04T10:34:52","guid":{"rendered":"http:\/\/rabe-konstruktion.de\/?page_id=57"},"modified":"2020-04-28T16:31:34","modified_gmt":"2020-04-28T14:31:34","slug":"eduard-rabe","status":"publish","type":"page","link":"http:\/\/rabe-konstruktion.de\/?page_id=57","title":{"rendered":"Eduard Rabe"},"content":{"rendered":"\n<figure class=\"wp-block-image\"><img loading=\"lazy\" decoding=\"async\" width=\"1024\" height=\"768\" src=\"http:\/\/rabe-konstruktion.de\/wp-content\/uploads\/2020\/04\/469690_304043533021477_819470571_o-1024x768.jpg\" alt=\"\" class=\"wp-image-5\" srcset=\"http:\/\/rabe-konstruktion.de\/wp-content\/uploads\/2020\/04\/469690_304043533021477_819470571_o-1024x768.jpg 1024w, http:\/\/rabe-konstruktion.de\/wp-content\/uploads\/2020\/04\/469690_304043533021477_819470571_o-300x225.jpg 300w, http:\/\/rabe-konstruktion.de\/wp-content\/uploads\/2020\/04\/469690_304043533021477_819470571_o-768x576.jpg 768w, http:\/\/rabe-konstruktion.de\/wp-content\/uploads\/2020\/04\/469690_304043533021477_819470571_o.jpg 1280w\" sizes=\"auto, (max-width: 1024px) 100vw, 1024px\" \/><\/figure>\n\n\n\n<h2 class=\"wp-block-heading\">Zur Person:<\/h2>\n\n\n\n<p>1995 \u2013 1999 Berufsausbildung zum Metallbauer, Fachrichtung Konstruktionstechnik<\/p>\n\n\n\n<p>2000 \u2013 2004 Weiterbildung zum staatlich gepr\u00fcften Techniker Fachrichtung Stahl- und Leichtmetallbau<\/p>\n\n\n\n<p>seit 2015 Selbstst\u00e4ndig Konstruktionsb\u00fcro RABE-KONSTRUKTION<\/p>\n\n\n\n<p><\/p>\n\n\n\n<h2 class=\"wp-block-heading\">Kompetenzen<\/h2>\n\n\n\n<p>\u00dcber 20 Jahre Angestellter bei der Fa. Manz Stahlbau in Warthausen<\/p>\n\n\n\n<p>Langj\u00e4hrige praktische Erfahrung im Bereich Stahlbau-Fertigung und Montage<\/p>\n\n\n\n<p>15 Jahre Konstruktionserfahrung im Stahlbau und Schlossereibereich<\/p>\n\n\n\n<p><\/p>\n\n\n\n<p><\/p>\n\n\n\n<h2 class=\"wp-block-heading\">Die von uns genutzte&nbsp;Software<\/h2>\n\n\n\n<p class=\"has-medium-font-size\"><strong><em>ProSteel V8i<\/em><\/strong><\/p>\n\n\n\n<p>Mit der ProSteel Software k\u00f6nnen Sie effizient pr\u00e4zise 3D-Modelle f\u00fcr den Stahlbau, Metallbauarbeiten und Stahlbaugruppen erstellen. Auf dieser Basis k\u00f6nnen Sie innerhalb k\u00fcrzester Zeit Entwurfszeichnungen, bauliche Durchbildungen und Zeitpl\u00e4ne erstellen, die bei jeder \u00c4nderung des 3D-Modells automatisch aktualisiert werden. Dar\u00fcber hinaus wird durch detaillierte Anweisungen f\u00fcr CNC-Maschinen der Stahlherstellungsprozess automatisiert. ProSteel unterst\u00fctzt Ihre Entwurfs- und Planungsaufgaben f\u00fcr den Stahl- und Metallbau in einer 3D-Modellierungsumgebung in vollem Umfang. In Kombination mit AutoCAD oder MicroStation erhalten Sie eine intuitive und perfekt integrierte Modellierl\u00f6sung f\u00fcr all Ihre Konstruktionsaufgaben \u2013 Layouts komplexer Strukturen, Erstellung von Werkstattzeichnungen, Montage Ihrer Verbindungselemente und Verwaltung Ihrer St\u00fccklisten.<\/p>\n\n\n\n<ol class=\"wp-block-list\"><li>Schnelle Extraktion von 2D-Zeichnungen, die bei \u00c4nderung des 3D-Modells automatisch aktualisiert werden<\/li><li>Die Interoperabilit\u00e4t mit anderen Anwendungen von Bentley oder Drittanbietern sorgt f\u00fcr einen einfachen fach\u00fcbergreifenden Informationsaustausch<\/li><li>Effiziente Erstellung parametrischer Montagemodelle f\u00fcr g\u00e4ngige Objekte wie Stahltreppen, Handl\u00e4ufe und Leitern<\/li><li>Schnelle Pr\u00fcfung unterschiedlichster Szenarien, damit Sie Ihren Kunden m\u00f6glichst wirtschaftliche Optionen anbieten k\u00f6nnen.<\/li><\/ol>\n\n\n\n<p class=\"has-medium-font-size\"><strong><em>Tekla Structure<\/em><\/strong><\/p>\n\n\n\n<p>Tekla Software f\u00fcr Tragwerksplanung und Bauausf\u00fchrung wird von Trimble entwickelt, einem Technologieunternehmen mit der Vision, Branchen und Arbeitsweisen weltweit ma\u00dfgeblich zu ver\u00e4ndern. Durch Tekla L\u00f6sungen werden Projekte weltweit Realit\u00e4t, von Wohnh\u00e4usern und Br\u00fccken bis zu Fabrikgeb\u00e4uden und Wolkenkratzern.<\/p>\n\n\n\n<p class=\"has-medium-font-size\"><strong><em>Auto CAD<\/em><\/strong><\/p>\n\n\n\n<p>AutoCAD entstammt der CAD Produktreihe von Autodesk und ist f\u00fcr das Erstellen von 2D- und 3D-Zeichnungen mit dem Computer gedacht. Aktuell gibt es die Version AutoCAD 2011, welche im M\u00e4rz 2010 vorgestellt wurde. AutoCAD ist das weltweit meistbenutzte CAD-Programm. Es existieren bereits mehr als 3 Millionen erworbene Lizenzen.<\/p>\n","protected":false},"excerpt":{"rendered":"<p>Zur Person: 1995 \u2013 1999 Berufsausbildung zum Metallbauer, Fachrichtung Konstruktionstechnik 2000 \u2013 2004 Weiterbildung zum staatlich gepr\u00fcften Techniker Fachrichtung Stahl-&hellip;<\/p>\n","protected":false},"author":1,"featured_media":44,"parent":0,"menu_order":0,"comment_status":"closed","ping_status":"closed","template":"","meta":{"footnotes":""},"class_list":["post-57","page","type-page","status-publish","has-post-thumbnail","hentry"],"_links":{"self":[{"href":"http:\/\/rabe-konstruktion.de\/index.php?rest_route=\/wp\/v2\/pages\/57","targetHints":{"allow":["GET"]}}],"collection":[{"href":"http:\/\/rabe-konstruktion.de\/index.php?rest_route=\/wp\/v2\/pages"}],"about":[{"href":"http:\/\/rabe-konstruktion.de\/index.php?rest_route=\/wp\/v2\/types\/page"}],"author":[{"embeddable":true,"href":"http:\/\/rabe-konstruktion.de\/index.php?rest_route=\/wp\/v2\/users\/1"}],"replies":[{"embeddable":true,"href":"http:\/\/rabe-konstruktion.de\/index.php?rest_route=%2Fwp%2Fv2%2Fcomments&post=57"}],"version-history":[{"count":5,"href":"http:\/\/rabe-konstruktion.de\/index.php?rest_route=\/wp\/v2\/pages\/57\/revisions"}],"predecessor-version":[{"id":65,"href":"http:\/\/rabe-konstruktion.de\/index.php?rest_route=\/wp\/v2\/pages\/57\/revisions\/65"}],"wp:featuredmedia":[{"embeddable":true,"href":"http:\/\/rabe-konstruktion.de\/index.php?rest_route=\/wp\/v2\/media\/44"}],"wp:attachment":[{"href":"http:\/\/rabe-konstruktion.de\/index.php?rest_route=%2Fwp%2Fv2%2Fmedia&parent=57"}],"curies":[{"name":"wp","href":"https:\/\/api.w.org\/{rel}","templated":true}]}}